{"id":1927,"date":"2026-01-27T02:57:08","date_gmt":"2026-01-27T02:57:08","guid":{"rendered":"https:\/\/vittoriamaxsuplementos.com\/?post_type=product&#038;p=1927"},"modified":"2026-01-27T02:58:42","modified_gmt":"2026-01-27T02:58:42","slug":"aminoacidos-pos-treino-30-saches","status":"publish","type":"product","link":"https:\/\/vittoriamaxsuplementos.com\/?product=aminoacidos-pos-treino-30-saches","title":{"rendered":"Amino\u00e1cidos P\u00f3s-Treino 30 Sach\u00eas"},"content":{"rendered":"<p>Ajuda a diminuir a perda muscular durante a redu\u00e7\u00e3o de massa corporal. Os Amino\u00e1cios P\u00f3s-Treino, da Oficialfarma, possuem um papel regulador e anab\u00f3lico no metabolismo proteico, retardando o catabolismo, favorecendo a cicatriza\u00e7\u00e3o, proporcionando energia e melhorando a recupera\u00e7\u00e3o p\u00f3s-treino.<\/p>\n<p>A L-Fenilalanina atua na produ\u00e7\u00e3o de dopamina, neurotransmissor ligado \u00e0 mem\u00f3ria, humor, cogni\u00e7\u00e3o e aprendizado. J\u00e1 a Leucina ajuda a aumentar os n\u00edveis do horm\u00f4nio de crescimento e consegue atrasar o in\u00edcio do catabolismo. Este amino\u00e1cido ajuda a aumentar a energia, a for\u00e7a e a massa muscular. A Isoleucina aumenta a prote\u00edna muscular e ajuda a recupera\u00e7\u00e3o depois de um treino intenso.<\/p>\n<p>Quando combinado com Leucina e Isoleucina, a Valina aumenta a for\u00e7a, energia e promove o desenvolvimento muscular. O Triptofano \u00e9 um amino\u00e1cido essencial usado como suplemento diet\u00e9tico e no tratamento do stress, auxiliando na diminui\u00e7\u00e3o da irritabilidade. A Metionina \u00e9 um potente antioxidante, enquanto a N-Acetil Ciste\u00edna atua na repara\u00e7\u00e3o celular, al\u00e9m de combater os radicais livres, o que beneficia os p\u00f3s-treino.<\/p>\n<p>A L-Arginina Alfa Cetoglutarato (AAKG) tem o potencial de melhorar o fluxo sangu\u00edneo e a entrega de nutrientes para os m\u00fasculos, promovendo assim o aumento muscular. L-Tirosina amino\u00e1cido \u00e9 essencial tanto para a fun\u00e7\u00e3o f\u00edsica como mental, e a Treonina \u00e9 uma parte principal das prote\u00ednas estruturais, como col\u00e1geno e elastina, que s\u00e3o importantes componentes da pele e do tecido conjuntivo. Ela tamb\u00e9m desempenha um papel no metabolismo da gordura e na fun\u00e7\u00e3o imunol\u00f3gica<\/p>\n<p>&nbsp;<\/p>\n<p>COMPOSI\u00c7\u00c3O<\/p>\n<div class=\"product-full-description-area\">\n<div class=\"product attribute description\">\n<div class=\"value\">\n<div data-content-type=\"row\" data-appearance=\"contained\" data-element=\"main\">\n<div data-enable-parallax=\"0\" data-parallax-speed=\"0.5\" data-background-images=\"{}\" data-background-type=\"image\" data-video-loop=\"true\" data-video-play-only-visible=\"true\" data-video-lazy-load=\"true\" data-video-fallback-src=\"\" data-element=\"inner\" data-pb-style=\"II63EYA\">\n<div class=\"ui-tabs ui-widget ui-widget-content ui-corner-all tab-align-left\" data-content-type=\"tabs\" data-appearance=\"default\" data-active-tab=\"\" data-element=\"main\">\n<div class=\"tabs-content\" data-element=\"content\" data-pb-style=\"BDY9TEO\">\n<div id=\"F2IYJCQ\" class=\"ui-tabs-panel ui-widget-content ui-corner-bottom\" role=\"tabpanel\" data-content-type=\"tab-item\" data-appearance=\"default\" data-tab-name=\"COMPOSI\u00c7\u00c3O\" data-background-images=\"{}\" data-element=\"main\" data-pb-style=\"VTOOSRW\" aria-labelledby=\"ui-id-6\" aria-hidden=\"false\">\n<div data-content-type=\"text\" data-appearance=\"default\" data-element=\"main\">\n<p id=\"FGTJ8NI\">Cada 1 sach\u00ea cont\u00e9m: Fenilalanina 600mg L-Leucina 2g L-Isoleucina 1g L-Valina 1g L-Triptofano 700mg DL-Metionina 150mg N-Acetil Ciste\u00edna 600mg Arginina AAKG 800mg L-Tirosina 500mg L-Treonina 500mg<\/p>\n<\/div>\n<p>&nbsp;<\/p>\n<ul class=\"tabs-navigation ui-tabs-nav ui-corner-all ui-helper-reset ui-helper-clearfix ui-widget-header\" role=\"tablist\" data-element=\"navigation\" data-pb-style=\"FXYWIOF\">\n<li class=\"tab-header ui-tabs-tab ui-corner-top ui-state-default ui-tab ui-tabs-active ui-state-active ui-state-hover ui-state-focus\" tabindex=\"0\" role=\"tab\" data-element=\"headers\" data-pb-style=\"CAP18BP\" aria-controls=\"KCQE5IN\" aria-labelledby=\"ui-id-8\" aria-selected=\"true\" aria-expanded=\"true\"><span class=\"tab-title\">advert\u00eancias<\/span><\/li>\n<\/ul>\n<\/div>\n<\/div>\n<\/div>\n<\/div>\n<\/div>\n<\/div>\n<\/div>\n<\/div>\n<div class=\"product-review-avis-container\">\n<div class=\"NETREVIEWS_PRODUCT_REVIEWS detected\" data-product-id=\"1793\">\n<div id=\"netreviews_reviews_tab\">\n<div class=\"netreviews_rating_header\">Pessoas com hipersensibilidade \u00e0 subst\u00e2ncia n\u00e3o devem fazer uso do produto. Em caso de hipersensibilidade ao produto, recomenda-se descontinuar o uso e consultar o m\u00e9dico. N\u00e3o use o produto com o prazo de validade vencido. Manter em temperatura ambiente (15 a 30\u00baC). Proteger da luz, do calor e da umidade. Nestas condi\u00e7\u00f5es, o produto se manter\u00e1 pr\u00f3prio para o consumo, respeitando o prazo de validade indicado na embalagem. Manter fora do alcance das crian\u00e7as. Este produto n\u00e3o deve ser utilizado por mulheres gr\u00e1vidas sem orienta\u00e7\u00e3o m\u00e9dica. O uso do produto durante o per\u00edodo de amamenta\u00e7\u00e3o sem orienta\u00e7\u00e3o m\u00e9dica, tamb\u00e9m n\u00e3o \u00e9 recomendado. Este produto n\u00e3o deve ser utilizado por menores de 18 anos sem orienta\u00e7\u00e3o m\u00e9dica. Siga corretamente o modo de usar. N\u00e3o desaparecendo os sintomas, procure orienta\u00e7\u00e3o m\u00e9dica. Nunca compre o produto sem orienta\u00e7\u00e3o de um profissional habilitado. Imagens meramente ilustrativas. &#8220;SE PERSISTIREM OS SINTOMAS, O M\u00c9DICO DEVER\u00c1 SER CONSULTADO&#8221; &#8220;Os resultados e indica\u00e7\u00f5es referentes ao uso desse produto foram avaliados e comprovados pelo fabricante deste insumo farmac\u00eautico. N\u00e3o garantimos os resultados descritos, estes variam de pessoa para pessoa dependendo de diversos fatores como alimenta\u00e7\u00e3o, pr\u00e1tica de exerc\u00edcios f\u00edsicos, presen\u00e7a de outras patologias, bem como, o uso correto do produto conforme descrito na posologia.\u201d<\/div>\n<\/div>\n<\/div>\n<\/div>\n","protected":false},"excerpt":{"rendered":"<p>Ajuda a diminuir a perda muscular durante a redu\u00e7\u00e3o de massa corporal. Os Amino\u00e1cios P\u00f3s-Treino, da Oficialfarma, possuem um papel<\/p>\n","protected":false},"featured_media":1928,"template":"","meta":[],"product_brand":[],"product_cat":[308],"product_tag":[],"class_list":{"0":"post-1927","1":"product","2":"type-product","3":"status-publish","4":"has-post-thumbnail","6":"product_cat-aminoacidos","8":"first","9":"instock","10":"sale","11":"shipping-taxable","12":"purchasable","13":"product-type-simple"},"_links":{"self":[{"href":"https:\/\/vittoriamaxsuplementos.com\/index.php?rest_route=\/wp\/v2\/product\/1927","targetHints":{"allow":["GET"]}}],"collection":[{"href":"https:\/\/vittoriamaxsuplementos.com\/index.php?rest_route=\/wp\/v2\/product"}],"about":[{"href":"https:\/\/vittoriamaxsuplementos.com\/index.php?rest_route=\/wp\/v2\/types\/product"}],"wp:featuredmedia":[{"embeddable":true,"href":"https:\/\/vittoriamaxsuplementos.com\/index.php?rest_route=\/wp\/v2\/media\/1928"}],"wp:attachment":[{"href":"https:\/\/vittoriamaxsuplementos.com\/index.php?rest_route=%2Fwp%2Fv2%2Fmedia&parent=1927"}],"wp:term":[{"taxonomy":"product_brand","embeddable":true,"href":"https:\/\/vittoriamaxsuplementos.com\/index.php?rest_route=%2Fwp%2Fv2%2Fproduct_brand&post=1927"},{"taxonomy":"product_cat","embeddable":true,"href":"https:\/\/vittoriamaxsuplementos.com\/index.php?rest_route=%2Fwp%2Fv2%2Fproduct_cat&post=1927"},{"taxonomy":"product_tag","embeddable":true,"href":"https:\/\/vittoriamaxsuplementos.com\/index.php?rest_route=%2Fwp%2Fv2%2Fproduct_tag&post=1927"}],"curies":[{"name":"wp","href":"https:\/\/api.w.org\/{rel}","templated":true}]}}