{"id":1953,"date":"2026-01-28T00:18:30","date_gmt":"2026-01-28T00:18:30","guid":{"rendered":"https:\/\/vittoriamaxsuplementos.com\/?post_type=product&#038;p=1953"},"modified":"2026-01-28T00:18:30","modified_gmt":"2026-01-28T00:18:30","slug":"iso-pro-whey-protein-isolado-1kg-soldiers-nutrition","status":"publish","type":"product","link":"https:\/\/vittoriamaxsuplementos.com\/?product=iso-pro-whey-protein-isolado-1kg-soldiers-nutrition","title":{"rendered":"ISO PRO Whey Protein Isolado 1kg &#8211; Soldiers Nutrition"},"content":{"rendered":"<div class=\"relative px-md overflow-hidden border-on-surface-8 after:pointer-events-none after:absolute after:bottom-[0] after:left-[0] after:h-[72px] after:w-full after:bg-gradient-to-b after:from-[#FFFFFF00] after:to-[#FFFFFF] md:after:content-none md:px-lg max-md:border-b-thin\" data-testid=\"tab-product-detail\">\n<div data-testid=\"product-detail\">\n<div class=\"mt-md font-xsm-regular\" data-testid=\"product-detail-description\">ISO PRO Whey Protein Isolado 1kg &#8211; Soldiers Nutrition<\/p>\n<p>ISO PRO Whey Protein Isolado \u00e9 o mais novo lan\u00e7amento da Soldiers: produzido com mat\u00e9ria-prima importada de alta qualidade, possui 90% de concentra\u00e7\u00e3o proteica e 27g de prote\u00edna por dose.<br \/>\nO whey protein isolado \u00e9 a escolha mais recomendada para intolerantes \u00e0 lactose, pois tem a f\u00f3rmula mais filtrada, com menor quantidade de lactose, carboidratos e gorduras.<br \/>\nISO PRO Whey Protein Isolado cont\u00e9m apenas 2g de carboidrato e 0g de gordura por por\u00e7\u00e3o.<br \/>\nAl\u00e9m dos tradicionais Chocolate Belga, Morango e Baunilha, ISO PRO Whey Protein Isolado vem em dois novos sabores irresist\u00edveis e exclusivos: Mousse de Maracuj\u00e1 e Torta de Lim\u00e3o. Experimente!<\/p>\n<p>Benef\u00edcios do ISO PRO Whey Protein Isolado<\/p>\n<p>Possui 90% de concentra\u00e7\u00e3o proteica<br \/>\nCont\u00e9m 27g de prote\u00edna por dose<br \/>\n5 Sabores deliciosos: Chocolate Belga, Baunilha, Morango, Mousse de Maracuj\u00e1 e Torta de Lim\u00e3o<br \/>\nApenas 2g de carboidratos e 0g de gordura por dose<br \/>\nIdeal para constru\u00e7\u00e3o e manuten\u00e7\u00e3o de massa muscular<br \/>\nPromove recupera\u00e7\u00e3o muscular r\u00e1pida ap\u00f3s os treinos<br \/>\nO tipo de whey mais indicado para intolerantes \u00e0 lactose<br \/>\nAdequado para dietas com restri\u00e7\u00e3o cal\u00f3rica<\/p>\n<p>N\u00c3O CONT\u00c9M GL\u00daTEN. CONT\u00c9M LACTOSE.<br \/>\nAL\u00c9RGICOS: CONT\u00c9M DERIVADOS DE LEITE E SOJA.<\/p>\n<p>Recomenda\u00e7\u00e3o de Consumo: Diluir 01 colher dosadora (30g) ou 02 colheres de sopa do produto em 200ml de \u00e1gua ou bebida de sua prefer\u00eancia. Consumir de uma a duas doses diariamente.<\/p>\n<p>Recomenda\u00e7\u00e3o: Crian\u00e7as, gestantes, idosos e portadores de qualquer enfermidade, consultem o m\u00e9dico e\/ou nutricionista. Consumir conforme a recomenda\u00e7\u00e3o de ingest\u00e3o di\u00e1ria constante na embalagem. Esse produto n\u00e3o substitui uma alimenta\u00e7\u00e3o equilibrada. Produto indicado para o grupo populacional \u2265 19 anos.<\/p>\n<p>Cuidados de Conserva\u00e7\u00e3o: Conservar o produto ao abrigo da luz, mantendo bem lacrado em local seco e fresco. Ap\u00f3s aberto, consumir em at\u00e9 45 dias.<\/p>\n<p>Suplemento Alimentar dispensado de registro conforme Resolu\u00e7\u00e3o RDC no 240\/2018.<\/p>\n<\/div>\n<\/div>\n<\/div>\n<div class=\"hidden border-on-surface-8 md:px-lg md:block md:py-md\" data-testid=\"tab-product-factsheet\">\n<h2 class=\"text-on-surface-2 font-md-bold md:font-title-large-highlight md:mb-md\" data-testid=\"product-factsheet-title\">Ficha T\u00e9cnica<\/h2>\n<div class=\"pt-2xsm\">\n<table class=\"w-full list-none\" data-testid=\"table-factsheet\">\n<tbody>\n<tr class=\"text-on-surface-3 even:bg-surface-container-lower\">\n<td class=\"px-md py-sm align-top font-xsm-bold table-cell w-1\/2\" data-testid=\"table-factsheet-key\">Armazenamento<\/td>\n<td class=\"list-item w-full px-md py-sm align-top font-xsm-regular\">Conservar o produto ao abrigo da luz, mantendo bem lacrado em local seco e fresco. Ap\u00f3s aberto, consumir em at\u00e9 45 dias.<\/td>\n<\/tr>\n<tr class=\"text-on-surface-3 even:bg-surface-container-lower\">\n<td class=\"px-md py-sm align-top font-xsm-bold table-cell w-1\/2\" data-testid=\"table-factsheet-key\">Benef\u00edcios do Suplemento<\/td>\n<td class=\"list-item w-full px-md py-sm align-top font-xsm-regular\">Ideal para constru\u00e7\u00e3o e manuten\u00e7\u00e3o de massa muscular, promove recupera\u00e7\u00e3o muscular r\u00e1pida ap\u00f3s os treinos, o tipo de whey mais indicado para intolerantes \u00e0 lactose, adequado para dietas com restri\u00e7\u00e3o cal\u00f3rica.<\/td>\n<\/tr>\n<tr class=\"text-on-surface-3 even:bg-surface-container-lower\">\n<td class=\"px-md py-sm align-top font-xsm-bold table-cell w-1\/2\" data-testid=\"table-factsheet-key\">Componentes Al\u00e9rgicos<\/td>\n<td class=\"list-item w-full px-md py-sm align-top font-xsm-regular\">CONT\u00c9M DERIVADOS DE LEITE E SOJA.<\/td>\n<\/tr>\n<tr class=\"text-on-surface-3 even:bg-surface-container-lower\">\n<td class=\"px-md py-sm align-top font-xsm-bold table-cell w-1\/2\" data-testid=\"table-factsheet-key\">Dieta<\/td>\n<td class=\"list-item w-full px-md py-sm align-top font-xsm-regular\">Adequado para dietas com restri\u00e7\u00e3o cal\u00f3rica<\/td>\n<\/tr>\n<tr class=\"text-on-surface-3 even:bg-surface-container-lower\">\n<td class=\"px-md py-sm align-top font-xsm-bold table-cell w-1\/2\" data-testid=\"table-factsheet-key\">Especificidades Alimentares<\/td>\n<td class=\"list-item w-full px-md py-sm align-top font-xsm-regular\">N\u00c3O CONT\u00c9M GL\u00daTEN. CONT\u00c9M LACTOSE.<\/td>\n<\/tr>\n<tr class=\"text-on-surface-3 even:bg-surface-container-lower\">\n<td class=\"px-md py-sm align-top font-xsm-bold table-cell w-1\/2\" data-testid=\"table-factsheet-key\">Formato do Suplemento<\/td>\n<td class=\"list-item w-full px-md py-sm align-top font-xsm-regular\">P\u00f3<\/td>\n<\/tr>\n<tr class=\"text-on-surface-3 even:bg-surface-container-lower\">\n<td class=\"px-md py-sm align-top font-xsm-bold table-cell w-1\/2\" data-testid=\"table-factsheet-key\">Formula\u00e7\u00e3o<\/td>\n<td class=\"list-item w-full px-md py-sm align-top font-xsm-regular\">Whey Protein Isolado<\/td>\n<\/tr>\n<tr class=\"text-on-surface-3 even:bg-surface-container-lower\">\n<td class=\"px-md py-sm align-top font-xsm-bold table-cell w-1\/2\" data-testid=\"table-factsheet-key\">Informa\u00e7\u00f5es Nutricionais<\/td>\n<td class=\"list-item w-full px-md py-sm align-top font-xsm-regular\">Possui 90% de concentra\u00e7\u00e3o proteica, 27g de prote\u00edna por dose, 2g de carboidrato e 0g de gordura por por\u00e7\u00e3o.<\/td>\n<\/tr>\n<tr class=\"text-on-surface-3 even:bg-surface-container-lower\">\n<td class=\"px-md py-sm align-top font-xsm-bold table-cell w-1\/2\" data-testid=\"table-factsheet-key\">Linha<\/td>\n<td class=\"list-item w-full px-md py-sm align-top font-xsm-regular\">ISO PRO<\/td>\n<\/tr>\n<tr class=\"text-on-surface-3 even:bg-surface-container-lower\">\n<td class=\"px-md py-sm align-top font-xsm-bold table-cell w-1\/2\" data-testid=\"table-factsheet-key\">Marca<\/td>\n<td class=\"list-item w-full px-md py-sm align-top font-xsm-regular\">Soldiers Nutrition<\/td>\n<\/tr>\n<tr class=\"text-on-surface-3 even:bg-surface-container-lower\">\n<td class=\"px-md py-sm align-top font-xsm-bold table-cell w-1\/2\" data-testid=\"table-factsheet-key\">Modelo<\/td>\n<td class=\"list-item w-full px-md py-sm align-top font-xsm-regular\">ISO PRO<\/td>\n<\/tr>\n<tr class=\"text-on-surface-3 even:bg-surface-container-lower\">\n<td class=\"px-md py-sm align-top font-xsm-bold table-cell w-1\/2\" data-testid=\"table-factsheet-key\">Peso do Produto<\/td>\n<td class=\"list-item w-full px-md py-sm align-top font-xsm-regular\">1kg<\/td>\n<\/tr>\n<tr class=\"text-on-surface-3 even:bg-surface-container-lower\">\n<td class=\"px-md py-sm align-top font-xsm-bold table-cell w-1\/2\" data-testid=\"table-factsheet-key\">Quantidade<\/td>\n<td class=\"list-item w-full px-md py-sm align-top font-xsm-regular\">1kg<\/td>\n<\/tr>\n<tr class=\"text-on-surface-3 even:bg-surface-container-lower\">\n<td class=\"px-md py-sm align-top font-xsm-bold table-cell w-1\/2\" data-testid=\"table-factsheet-key\">Recomenda\u00e7\u00f5es de Uso<\/td>\n<td class=\"list-item w-full px-md py-sm align-top font-xsm-regular\">Diluir 01 colher dosadora (30g) ou 02 colheres de sopa do produto em 200ml de \u00e1gua ou bebida de sua prefer\u00eancia. Consumir de uma a duas doses diariamente. Esse produto n\u00e3o substitui uma alimenta\u00e7\u00e3o equilibrada. Produto indicado para o grupo populacional \u2265 19 anos.<\/td>\n<\/tr>\n<tr class=\"text-on-surface-3 even:bg-surface-container-lower\">\n<td class=\"px-md py-sm align-top font-xsm-bold table-cell w-1\/2\" data-testid=\"table-factsheet-key\">Refer\u00eancia<\/td>\n<td class=\"list-item w-full px-md py-sm align-top font-xsm-regular\">ISO PRO<\/td>\n<\/tr>\n<tr class=\"text-on-surface-3 even:bg-surface-container-lower\">\n<td class=\"px-md py-sm align-top font-xsm-bold table-cell w-1\/2\" data-testid=\"table-factsheet-key\">Sabor<\/td>\n<td class=\"list-item w-full px-md py-sm align-top font-xsm-regular\">Baunilha<\/td>\n<\/tr>\n<\/tbody>\n<\/table>\n<\/div>\n<\/div>\n","protected":false},"excerpt":{"rendered":"<p>ISO PRO Whey Protein Isolado \u00e9 o mais novo lan\u00e7amento da Soldiers: produzido com mat\u00e9ria-prima importada de alta qualidade, possui 90% de concentra\u00e7\u00e3o proteica e 27g de prote\u00edna por dose.<br \/>\nO whey protein isolado \u00e9 a escolha mais recomendada para intolerantes \u00e0 lactose, pois tem a f\u00f3rmula mais filtrada, com menor quantidade de lactose, carboidratos e gorduras.<br \/>\nISO PRO Whey Protein Isolado cont\u00e9m apenas 2g de carboidrato e 0g de gordura por por\u00e7\u00e3o.<br \/>\nAl\u00e9m dos tradicionais Chocolate Belga, Morango e Baunilha, ISO PRO Whey Protein Isolado vem em dois novos sabores irresist\u00edveis e exclusivos: Mousse de Maracuj\u00e1 e Torta de Lim\u00e3o. Experimente!<\/p>\n","protected":false},"featured_media":1954,"template":"","meta":[],"product_brand":[],"product_cat":[309,315],"product_tag":[],"class_list":{"0":"post-1953","1":"product","2":"type-product","3":"status-publish","4":"has-post-thumbnail","6":"product_cat-categorias-por-produto","7":"product_cat-whey-protein","9":"first","10":"instock","11":"shipping-taxable","12":"purchasable","13":"product-type-simple"},"_links":{"self":[{"href":"https:\/\/vittoriamaxsuplementos.com\/index.php?rest_route=\/wp\/v2\/product\/1953","targetHints":{"allow":["GET"]}}],"collection":[{"href":"https:\/\/vittoriamaxsuplementos.com\/index.php?rest_route=\/wp\/v2\/product"}],"about":[{"href":"https:\/\/vittoriamaxsuplementos.com\/index.php?rest_route=\/wp\/v2\/types\/product"}],"wp:featuredmedia":[{"embeddable":true,"href":"https:\/\/vittoriamaxsuplementos.com\/index.php?rest_route=\/wp\/v2\/media\/1954"}],"wp:attachment":[{"href":"https:\/\/vittoriamaxsuplementos.com\/index.php?rest_route=%2Fwp%2Fv2%2Fmedia&parent=1953"}],"wp:term":[{"taxonomy":"product_brand","embeddable":true,"href":"https:\/\/vittoriamaxsuplementos.com\/index.php?rest_route=%2Fwp%2Fv2%2Fproduct_brand&post=1953"},{"taxonomy":"product_cat","embeddable":true,"href":"https:\/\/vittoriamaxsuplementos.com\/index.php?rest_route=%2Fwp%2Fv2%2Fproduct_cat&post=1953"},{"taxonomy":"product_tag","embeddable":true,"href":"https:\/\/vittoriamaxsuplementos.com\/index.php?rest_route=%2Fwp%2Fv2%2Fproduct_tag&post=1953"}],"curies":[{"name":"wp","href":"https:\/\/api.w.org\/{rel}","templated":true}]}}